{"id":28,"date":"2019-06-13T13:18:18","date_gmt":"2019-06-13T13:18:18","guid":{"rendered":"http:\/\/wp.two-werbung.de\/?page_id=28"},"modified":"2025-06-26T17:00:03","modified_gmt":"2025-06-26T17:00:03","slug":"impressum-%c2%b7-agb","status":"publish","type":"page","link":"https:\/\/www.two-werbung.de\/?page_id=28","title":{"rendered":"Impressum"},"content":{"rendered":"\r\n<p><strong>TWO Werbeagentur GmbH i.L.<\/strong><br \/>D-75447 Sternenfels \u00b7 Ziegel\u00e4ckerweg 34<br \/>Tel. +49 (0)7045 203685 \u00b7 Fax 203684<br \/>E-Mail kontakt@two-werbung.de<\/p>\r\n\r\n\r\n\r\n<p>Inhaber: Stephan Schniz <br \/>USt.-IDNr. DE 259259773 <br \/>Amtsgericht Mannheim HRB 704227<\/p>\r\n\r\n\r\n\r\n<p><strong>Wichtiger Hinweis zu allen Links: <\/strong>Mit Urteil vom 12. Mai 1998 \u2013 312 O 85\/98 \u2013 \u201cHaftung f\u00fcr Links\u201d hat das Landgericht (LG) Hamburg entschieden, dass man durch die Anbringung eines Links, die Inhalte der gelinkten Seite ggf. mit zu verantworten hat. Dies kann \u2013 so das LG \u2013 nur dadurch verhindert werden, dass man sich ausdr\u00fccklich von diesen Inhalten distanziert. Hiermit distanzieren wir uns ausdr\u00fccklich von allen Inhalten aller gelinkten Seiten auf unserer Homepage und machen uns diese Inhalte nicht zu eigen. Diese Erkl\u00e4rung gilt f\u00fcr alle auf dieser Website angebrachten Links.<\/p>\r\n\r\n\r\n\r\n<p><strong>Haftungsausschluss: <\/strong>Die bereitgestellten Informationen auf dieser Web Site wurden sorgf\u00e4ltig gepr\u00fcft und werden regelm\u00e4\u00dfig aktualisiert. Jedoch kann keine Garantie daf\u00fcr \u00fcbernommen werden, dass alle Angaben zu jeder Zeit vollst\u00e4ndig, richtig und in letzter Aktualit\u00e4t dargestellt sind. Dies gilt insbesondere f\u00fcr alle Verbindungen (\u201cLinks\u201d) zu anderen Web Sites, auf die direkt oder indirekt verwiesen wird. Alle Angaben k\u00f6nnen ohne vorherige Ank\u00fcndigung erg\u00e4nzt, entfernt oder ge\u00e4ndert werden. Alle auf dieser Website genannten Produktnamen, Produktbezeichnungen und Logos sind eingetragene Warenzeichen und Eigentum der jeweiligen Rechteinhaber.<\/p>\r\n","protected":false},"excerpt":{"rendered":"<p>TWO Werbeagentur GmbH i.L.D-75447 Sternenfels \u00b7 Ziegel\u00e4ckerweg 34Tel. +49 (0)7045 203685 \u00b7 Fax 203684E-Mail kontakt@two-werbung.de Inhaber: Stephan Schniz USt.-IDNr. DE &hellip; <a class=\"more-link\" href=\"https:\/\/www.two-werbung.de\/?page_id=28\">Mehr<\/a><\/p>\n","protected":false},"author":1,"featured_media":0,"parent":0,"menu_order":0,"comment_status":"closed","ping_status":"closed","template":"","meta":[],"_links":{"self":[{"href":"https:\/\/www.two-werbung.de\/index.php?rest_route=\/wp\/v2\/pages\/28"}],"collection":[{"href":"https:\/\/www.two-werbung.de\/index.php?rest_route=\/wp\/v2\/pages"}],"about":[{"href":"https:\/\/www.two-werbung.de\/index.php?rest_route=\/wp\/v2\/types\/page"}],"author":[{"embeddable":true,"href":"https:\/\/www.two-werbung.de\/index.php?rest_route=\/wp\/v2\/users\/1"}],"replies":[{"embeddable":true,"href":"https:\/\/www.two-werbung.de\/index.php?rest_route=%2Fwp%2Fv2%2Fcomments&post=28"}],"version-history":[{"count":4,"href":"https:\/\/www.two-werbung.de\/index.php?rest_route=\/wp\/v2\/pages\/28\/revisions"}],"predecessor-version":[{"id":152,"href":"https:\/\/www.two-werbung.de\/index.php?rest_route=\/wp\/v2\/pages\/28\/revisions\/152"}],"wp:attachment":[{"href":"https:\/\/www.two-werbung.de\/index.php?rest_route=%2Fwp%2Fv2%2Fmedia&parent=28"}],"curies":[{"name":"wp","href":"https:\/\/api.w.org\/{rel}","templated":true}]}}