{"id":21,"date":"2019-06-13T13:11:48","date_gmt":"2019-06-13T13:11:48","guid":{"rendered":"http:\/\/wp.two-werbung.de\/?page_id=21"},"modified":"2019-06-13T13:11:48","modified_gmt":"2019-06-13T13:11:48","slug":"kalkulation-kreation-produktion","status":"publish","type":"page","link":"https:\/\/www.two-werbung.de\/?page_id=21","title":{"rendered":"Kalkulation Kreation Produktion"},"content":{"rendered":"\n<p>Unsere Arbeitsweise pa\u00dft sich flexibel an die Bed\u00fcrfnisse unserer Kunden an. Das kann die Verwaltung eines Gesamtetats bedeuten, oder die Abwicklung bestimmter Projekte. Wie umfangreich die Aufgaben sind. legen wir gemeinsam mit unseren Kunden fest. <\/p>\n\n\n\n<p>Meist entwickelt sich daraus eine langj\u00e4hrige Zusammenarbeit, die Kontinuit\u00e4t und schlie\u00dflich Erfolg verspricht. <\/p>\n\n\n\n<p>Aus den gefundenen Aufgaben erarbeiten wir einzelne Ma\u00dfnahmen, die zun\u00e4chste kalkuliert und dann entwickelt und produziert werden. Dabei sind wir sowohl im Bereich Print wie in neuen Medien zuhause. <\/p>\n","protected":false},"excerpt":{"rendered":"<p>Unsere Arbeitsweise pa\u00dft sich flexibel an die Bed\u00fcrfnisse unserer Kunden an. Das kann die Verwaltung eines Gesamtetats bedeuten, oder die &hellip; <a class=\"more-link\" href=\"https:\/\/www.two-werbung.de\/?page_id=21\">Mehr<\/a><\/p>\n","protected":false},"author":1,"featured_media":0,"parent":0,"menu_order":0,"comment_status":"closed","ping_status":"closed","template":"","meta":[],"_links":{"self":[{"href":"https:\/\/www.two-werbung.de\/index.php?rest_route=\/wp\/v2\/pages\/21"}],"collection":[{"href":"https:\/\/www.two-werbung.de\/index.php?rest_route=\/wp\/v2\/pages"}],"about":[{"href":"https:\/\/www.two-werbung.de\/index.php?rest_route=\/wp\/v2\/types\/page"}],"author":[{"embeddable":true,"href":"https:\/\/www.two-werbung.de\/index.php?rest_route=\/wp\/v2\/users\/1"}],"replies":[{"embeddable":true,"href":"https:\/\/www.two-werbung.de\/index.php?rest_route=%2Fwp%2Fv2%2Fcomments&post=21"}],"version-history":[{"count":1,"href":"https:\/\/www.two-werbung.de\/index.php?rest_route=\/wp\/v2\/pages\/21\/revisions"}],"predecessor-version":[{"id":22,"href":"https:\/\/www.two-werbung.de\/index.php?rest_route=\/wp\/v2\/pages\/21\/revisions\/22"}],"wp:attachment":[{"href":"https:\/\/www.two-werbung.de\/index.php?rest_route=%2Fwp%2Fv2%2Fmedia&parent=21"}],"curies":[{"name":"wp","href":"https:\/\/api.w.org\/{rel}","templated":true}]}}